{"id":13,"date":"2024-03-06T10:11:02","date_gmt":"2024-03-06T10:11:02","guid":{"rendered":"http:\/\/gursumetalserpantin.com\/?page_id=13"},"modified":"2025-10-06T10:04:48","modified_gmt":"2025-10-06T10:04:48","slug":"hakkimizda","status":"publish","type":"page","link":"https:\/\/gursumetalserpantin.com\/?page_id=13","title":{"rendered":"HAKKIMIZDA"},"content":{"rendered":"\n<figure class=\"wp-block-gallery has-nested-images columns-default is-cropped wp-block-gallery-1 is-layout-flex wp-block-gallery-is-layout-flex\">\n<figure class=\"wp-block-image size-large\"><img loading=\"lazy\" decoding=\"async\" width=\"800\" height=\"533\" data-id=\"205\" src=\"https:\/\/gursumetalserpantin.com\/wp-content\/uploads\/2024\/03\/ana-resim-serpantin-kaplama-banyomuz-2-800-1-4-edited.jpg\" alt=\"\" class=\"wp-image-205\" srcset=\"https:\/\/gursumetalserpantin.com\/wp-content\/uploads\/2024\/03\/ana-resim-serpantin-kaplama-banyomuz-2-800-1-4-edited.jpg 800w, https:\/\/gursumetalserpantin.com\/wp-content\/uploads\/2024\/03\/ana-resim-serpantin-kaplama-banyomuz-2-800-1-4-edited-300x200.jpg 300w, https:\/\/gursumetalserpantin.com\/wp-content\/uploads\/2024\/03\/ana-resim-serpantin-kaplama-banyomuz-2-800-1-4-edited-768x512.jpg 768w\" sizes=\"auto, (max-width: 800px) 100vw, 800px\" \/><\/figure>\n<\/figure>\n\n\n\n<p>G\u00fcrsu Metal, 30 y\u0131l\u0131 a\u015fk\u0131n s\u00fcredir serpantin imalat\u0131 konusunda uzmanla\u015fm\u0131\u015f bir firmad\u0131r. M\u00fc\u015fterilerimize \u00f6zel serpantinler \u00fcretmek i\u00e7in 304 Paslanmaz veya \u00e7elik \u00e7ekme malzemeler ile Borusan\u2019\u0131n SRM tipi borular\u0131n\u0131 kullan\u0131yoruz. M\u00fc\u015fterilerimizin taleplerine uygun olarak \u00f6zel ebatlarda ve istenilen hatve ve boyda serpantinler tedarik edebiliriz.<\/p>\n\n\n\n<p>\u00dcretti\u011fimiz serpantinler, Elektro Galvaniz Kaplama i\u015flemi ile daha dayan\u0131kl\u0131 hale getirilerek m\u00fc\u015fterilerimize sunulmaktad\u0131r. Depomuzda farkl\u0131 t\u00fcrde apere serpantin \u00e7e\u015fitleri bulunmaktad\u0131r, ancak tamamen \u00f6zelle\u015ftirilmi\u015f serpantinler de \u00fcretebilmekteyiz. Bu durumda, serpantinlerin montaj\u0131 i\u00e7in gerekli ba\u011flant\u0131 ve destekler firmam\u0131z taraf\u0131ndan sa\u011flanarak, m\u00fc\u015fterilerimizin y\u00f6nlendirmesi ile birlikte montaj i\u015flemleri tamamlanmaktad\u0131r.<\/p>\n\n\n\n<p>Serpantinlerimiz, klima santral hava \u0131s\u0131t\u0131c\u0131lar\u0131, tekstil makineleri hava \u0131s\u0131t\u0131c\u0131lar\u0131, kurutma makineleri hava \u0131s\u0131t\u0131c\u0131lar\u0131, su so\u011futucular\u0131, turbo \u015farj so\u011futucular, ya\u011f so\u011futucular\u0131 ve hava so\u011futucular\u0131 gibi bir\u00e7ok farkl\u0131 sekt\u00f6rde kullan\u0131labilmektedir.<\/p>\n\n\n\n<p>G\u00fcrsu Metal olarak, m\u00fc\u015fterilerimize kaliteli \u00fcr\u00fcnler sunman\u0131n yan\u0131 s\u0131ra uygun fiyatlar da sunmaktay\u0131z. Projenize \u00f6zel serpantin fiyatlar\u0131 i\u00e7in l\u00fctfen bizimle ileti\u015fime ge\u00e7in. M\u00fc\u015fterilerimizin beklentilerini en iyi \u015fekilde kar\u015f\u0131lamak i\u00e7in \u00e7al\u0131\u015fmaktay\u0131z.<\/p>\n\n\n<div class=\"is-default-size wp-block-site-logo\"><a href=\"https:\/\/gursumetalserpantin.com\/\" class=\"custom-logo-link\" rel=\"home\"><img loading=\"lazy\" decoding=\"async\" width=\"173\" height=\"130\" src=\"https:\/\/gursumetalserpantin.com\/wp-content\/uploads\/2024\/03\/cropped-output-onlinepngtools-1-1-edited.png\" class=\"custom-logo\" alt=\"G\u00fcrsu Metal Kaplama\" \/><\/a><\/div>\n\n<form role=\"search\" method=\"get\" action=\"https:\/\/gursumetalserpantin.com\/\" class=\"wp-block-search__button-outside wp-block-search__text-button wp-block-search\"    ><label class=\"wp-block-search__label\" for=\"wp-block-search__input-2\" >Ara<\/label><div class=\"wp-block-search__inside-wrapper\" ><input class=\"wp-block-search__input\" id=\"wp-block-search__input-2\" placeholder=\"\" value=\"\" type=\"search\" name=\"s\" required \/><button aria-label=\"Ara\" class=\"wp-block-search__button wp-element-button\" type=\"submit\" >Ara<\/button><\/div><\/form>","protected":false},"excerpt":{"rendered":"<p>G\u00fcrsu Metal, 30 y\u0131l\u0131 a\u015fk\u0131n s\u00fcredir serpantin imalat\u0131 konusunda uzmanla\u015fm\u0131\u015f bir firmad\u0131r. M\u00fc\u015fterilerimize \u00f6zel serpantinler \u00fcretmek i\u00e7in 304 Paslanmaz veya \u00e7elik \u00e7ekme malzemeler ile Borusan\u2019\u0131n SRM tipi borular\u0131n\u0131 kullan\u0131yoruz. M\u00fc\u015fterilerimizin taleplerine uygun olarak \u00f6zel ebatlarda ve istenilen hatve ve boyda serpantinler tedarik edebiliriz. \u00dcretti\u011fimiz serpantinler, Elektro Galvaniz Kaplama i\u015flemi ile daha dayan\u0131kl\u0131 hale getirilerek m\u00fc\u015fterilerimize [&hellip;]<\/p>\n","protected":false},"author":1,"featured_media":0,"parent":0,"menu_order":0,"comment_status":"closed","ping_status":"closed","template":"","meta":{"_eb_attr":"","footnotes":""},"class_list":["post-13","page","type-page","status-publish","hentry"],"_links":{"self":[{"href":"https:\/\/gursumetalserpantin.com\/index.php?rest_route=\/wp\/v2\/pages\/13","targetHints":{"allow":["GET"]}}],"collection":[{"href":"https:\/\/gursumetalserpantin.com\/index.php?rest_route=\/wp\/v2\/pages"}],"about":[{"href":"https:\/\/gursumetalserpantin.com\/index.php?rest_route=\/wp\/v2\/types\/page"}],"author":[{"embeddable":true,"href":"https:\/\/gursumetalserpantin.com\/index.php?rest_route=\/wp\/v2\/users\/1"}],"replies":[{"embeddable":true,"href":"https:\/\/gursumetalserpantin.com\/index.php?rest_route=%2Fwp%2Fv2%2Fcomments&post=13"}],"version-history":[{"count":1,"href":"https:\/\/gursumetalserpantin.com\/index.php?rest_route=\/wp\/v2\/pages\/13\/revisions"}],"predecessor-version":[{"id":538,"href":"https:\/\/gursumetalserpantin.com\/index.php?rest_route=\/wp\/v2\/pages\/13\/revisions\/538"}],"wp:attachment":[{"href":"https:\/\/gursumetalserpantin.com\/index.php?rest_route=%2Fwp%2Fv2%2Fmedia&parent=13"}],"curies":[{"name":"wp","href":"https:\/\/api.w.org\/{rel}","templated":true}]}}